{"id":3642,"date":"2024-09-23T13:52:15","date_gmt":"2024-09-23T13:52:15","guid":{"rendered":"https:\/\/test8.artmedia.ee\/jamera\/?page_id=3642"},"modified":"2025-02-04T12:14:52","modified_gmt":"2025-02-04T12:14:52","slug":"%d0%ba%d0%b0%d0%bc%d0%b5%d0%bd%d0%bd%d1%8b%d0%b8-%d0%bf%d0%b0%d0%ba%d0%b5%d1%82-%d1%81-%d1%83%d1%81%d1%82%d0%b0%d0%bd%d0%be%d0%b2%d0%ba%d0%be%d0%b8","status":"publish","type":"page","link":"https:\/\/jamera.ee\/ru\/%d0%ba%d0%b0%d0%bc%d0%b5%d0%bd%d0%bd%d1%8b%d0%b8-%d0%bf%d0%b0%d0%ba%d0%b5%d1%82-%d1%81-%d1%83%d1%81%d1%82%d0%b0%d0%bd%d0%be%d0%b2%d0%ba%d0%be%d0%b8\/","title":{"rendered":"\u041a\u0430\u043c\u0435\u043d\u043d\u044b\u0439 \u043f\u0430\u043a\u0435\u0442 \u0441 \u0443\u0441\u0442\u0430\u043d\u043e\u0432\u043a\u043e\u0439"},"content":{"rendered":"\n<div class=\"g-container\"><div class=\"g-container__inner sb-md l-gutenberg\">\n\n<p style=\"text-align: justify;\">J\u00e4mer\u00e4 <strong><mark class=\"has-inline-color has-primary-color\" style=\"background-color: rgba(0, 0, 0, 0);\">kivipaketis<\/mark><\/strong> sisalduvad\u00a0hoone arhitektuurne, konstruktiivne ja eriosade projektid ning projektij\u00e4rgsed J\u00e4mer\u00e4\u00a0poorbetoonist ehitus- ja abimaterjalid, mis tarnitakse ehitusplatsile ning\u00a0koos vundamendi rajamisega <strong><mark class=\"has-inline-color has-primary-color\" style=\"background-color: rgba(0, 0, 0, 0);\">paigaldatakse<\/mark> <\/strong>majakarbiks. Lisaks rajatakse majakarbile ka soojustatud betoonp\u00f5randad ja -v\u00e4listrepid.<\/p>\n\n\n<div class=\"g-package\"><div class=\"g-package__image\"><img loading=\"lazy\" decoding=\"async\" width=\"2560\" height=\"2102\" src=\"https:\/\/jamera.ee\/wp-content\/uploads\/2024\/12\/Jamera-kivipakett-paigaldatud_veeb-scaled.jpg\" alt=\"Ja\u0308mera\u0308-kivipakett-paigaldatud_veeb\" draggable=\"false\"\/><div data-nr=\"1\" class=\"g-package__image-tooltip\" style=\"left:74.7%;top:52.1%;width:1.62162162%;aspect-ratio:1.62162162\/1.62162162\"><div class=\"g-package__tooltip-mobile\">1<\/div><div class=\"g-package__image-tooltip-message\">500 v\u00f5i 375 mm J\u00c4MER\u00c4 v\u00e4lisseinaplokid.<\/div><\/div><div data-nr=\"2\" class=\"g-package__image-tooltip\" style=\"left:62.1%;top:26.9%;width:1.62162162%;aspect-ratio:1.62162162\/1.62162162\"><div class=\"g-package__tooltip-mobile\">2<\/div><div class=\"g-package__image-tooltip-message\">200 v\u00f5i 250 mm J\u00c4MER\u00c4 kandvad siseseinaplokid.<\/div><\/div><div data-nr=\"3\" class=\"g-package__image-tooltip\" style=\"left:45.8%;top:29.2%;width:1.62162162%;aspect-ratio:1.62162162\/1.62162162\"><div class=\"g-package__tooltip-mobile\">3<\/div><div class=\"g-package__image-tooltip-message\">100 v\u00f5i 150 mm J\u00c4MER\u00c4 mittekandvate seinte vaheseinaplaadid.<\/div><\/div><div data-nr=\"4\" class=\"g-package__image-tooltip\" style=\"left:57.8%;top:45.3%;width:1.62162162%;aspect-ratio:1.62162162\/1.62162162\"><div class=\"g-package__tooltip-mobile\">4<\/div><div class=\"g-package__image-tooltip-message\">250 mm paksused J\u00c4MER\u00c4 vahelae- ja katuslaepaneelid.<\/div><\/div><div data-nr=\"4\" class=\"g-package__image-tooltip\" style=\"left:57.9%;top:14%;width:1.62162162%;aspect-ratio:1.62162162\/1.62162162\"><div class=\"g-package__tooltip-mobile\">4<\/div><div class=\"g-package__image-tooltip-message\">250 mm paksused J\u00c4MER\u00c4 vahelae- ja katuslaepaneelid.<\/div><\/div><div data-nr=\"5\" class=\"g-package__image-tooltip\" style=\"left:76.2%;top:45.4%;width:1.62162162%;aspect-ratio:1.62162162\/1.62162162\"><div class=\"g-package__tooltip-mobile\">5<\/div><div class=\"g-package__image-tooltip-message\">J\u00c4MER\u00c4 maskiplokid vahelaepaneelide tasapinnas maja perimeetri ladumiseks.<\/div><\/div><div data-nr=\"6\" class=\"g-package__image-tooltip\" style=\"left:75.8%;top:8.6%;width:1.62162162%;aspect-ratio:1.62162162\/1.62162162\"><div class=\"g-package__tooltip-mobile\">6<\/div><div class=\"g-package__image-tooltip-message\">J\u00c4MER\u00c4 maskiplokid v\u00f5i 200 mm J\u00c4MER\u00c4 seinaplokid katuseviilude ja\/v\u00f5i parapeti ehituseks.<\/div><\/div><div data-nr=\"7\" class=\"g-package__image-tooltip\" style=\"left:74.8%;top:21.9%;width:1.62162162%;aspect-ratio:1.62162162\/1.62162162\"><div class=\"g-package__tooltip-mobile\">7<\/div><div class=\"g-package__image-tooltip-message\">Avade sildamiseks vajaminevad J\u00c4MER\u00c4 sillused.<\/div><\/div><div data-nr=\"8\" class=\"g-package__image-tooltip\" style=\"left:58.8%;top:52.9%;width:1.62162162%;aspect-ratio:1.62162162\/1.62162162\"><div class=\"g-package__tooltip-mobile\">8<\/div><div class=\"g-package__image-tooltip-message\">Vastavalt projektile konstruktiivsed terased taladeks, postideks jne.<\/div><\/div><div data-nr=\"12\" class=\"g-package__image-tooltip\" style=\"left:66.4%;top:59.9%;width:1.62162162%;aspect-ratio:1.62162162\/1.62162162\"><div class=\"g-package__tooltip-mobile\">12<\/div><div class=\"g-package__image-tooltip-message\">900-1200 mm J\u00c4MER\u00c4 trepielemendid.<\/div><\/div><div data-nr=\"13\" class=\"g-package__image-tooltip\" style=\"left:74.5%;top:74.4%;width:1.62162162%;aspect-ratio:1.62162162\/1.62162162\"><div class=\"g-package__tooltip-mobile\">13<\/div><div class=\"g-package__image-tooltip-message\">Vundamendiplokid (keramsiit), m\u00fc\u00fcrisegu, vundamendi armatuur ja soojustus.<\/div><\/div><div data-nr=\"14\" class=\"g-package__image-tooltip\" style=\"left:24.9%;top:45.2%;width:1.62162162%;aspect-ratio:1.62162162\/1.62162162\"><div class=\"g-package__tooltip-mobile\">14<\/div><div class=\"g-package__image-tooltip-message\">Alusp\u00f5randa soojustus, sammum\u00fcraplaat, p\u00f5randani akende ja uste alusprofiil.<\/div><\/div><div data-nr=\"14\" class=\"g-package__image-tooltip\" style=\"left:52%;top:72.8%;width:1.62162162%;aspect-ratio:1.62162162\/1.62162162\"><div class=\"g-package__tooltip-mobile\">14<\/div><div class=\"g-package__image-tooltip-message\">Alusp\u00f5randa soojustus, sammum\u00fcraplaat, p\u00f5randani akende ja uste alusprofiil.<\/div><\/div><div data-nr=\"15\" class=\"g-package__image-tooltip\" style=\"left:58%;top:69.4%;width:1.62162162%;aspect-ratio:1.62162162\/1.62162162\"><div class=\"g-package__tooltip-mobile\">15<\/div><div class=\"g-package__image-tooltip-message\">Betoon p\u00f5randaplaatide ja v\u00e4lise betoontrepi jaoks.<\/div><\/div><\/div><div class=\"g-package__content\"><div class=\"g-package__col\"><div class=\"g-package__title h4\">Paketis sisalduvad ehitusmaterjalid:<\/div><ul class=\"g-package__list\"><li data-type=\"list\" data-number=\"1\">500 v\u00f5i 375 mm J\u00c4MER\u00c4 v\u00e4lisseinaplokid.<\/li><li data-type=\"list\" data-number=\"2\">200 v\u00f5i 250 mm J\u00c4MER\u00c4 kandvad siseseinaplokid.<\/li><li data-type=\"list\" data-number=\"3\">100 v\u00f5i 150 mm J\u00c4MER\u00c4 mittekandvate seinte vaheseinaplaadid.<\/li><li data-type=\"list\" data-number=\"4\">250 mm paksused J\u00c4MER\u00c4 vahelae- ja katuslaepaneelid.<\/li><li data-type=\"list\" data-number=\"5\">J\u00c4MER\u00c4 maskiplokid vahelaepaneelide tasapinnas maja perimeetri ladumiseks.<\/li><li data-type=\"list\" data-number=\"6\">J\u00c4MER\u00c4 maskiplokid v\u00f5i 200 mm J\u00c4MER\u00c4 seinaplokid katuseviilude ja\/v\u00f5i parapeti ehituseks.<\/li><li data-type=\"list\" data-number=\"7\">Avade sildamiseks vajaminevad J\u00c4MER\u00c4 sillused.<\/li><li data-type=\"list\" data-number=\"8\">Vastavalt projektile konstruktiivsed terased taladeks, postideks jne.<\/li><li data-type=\"list\" data-number=\"9\">Poorbetoonliim.<\/li><li data-type=\"list-bold\" data-number=\"10\">Murfor ja terasarmatuur J\u00c4MER\u00c4 plokkseinte armeerimiseks.<\/li><li data-type=\"list\" data-number=\"11\">Vuugilaastud ja vardad J\u00c4MER\u00c4 vaheseinaplaatide fikseerimiseks.<\/li><li data-type=\"list\" data-number=\"12\">900-1200 mm J\u00c4MER\u00c4 trepielemendid.<\/li><li data-type=\"list-bold\" data-number=\"13\">Vundamendiplokid (keramsiit), m\u00fc\u00fcrisegu, vundamendi armatuur ja soojustus.<\/li><li data-type=\"list-bold\" data-number=\"14\">Alusp\u00f5randa soojustus, sammum\u00fcraplaat, p\u00f5randani akende ja uste alusprofiil.<\/li><li data-type=\"list-bold\" data-number=\"15\">Betoon p\u00f5randaplaatide ja v\u00e4lise betoontrepi jaoks.<\/li><\/ul><\/div><div class=\"g-package__col\"><div class=\"g-package__title h4\">\u0421\u043e\u0434\u0435\u0440\u0436\u0430\u0449\u0438\u0435\u0441\u044f \u0432 \u043f\u0430\u043a\u0435\u0442\u0435 \u0440\u0430\u0431\u043e\u0442\u044b \u0438 \u0443\u0441\u043b\u0443\u0433\u0438 <\/div><ul class=\"g-package__list\"><li data-type=\"list\">Eramu ehitusprojekt energiam\u00e4rgise ja ehitusloa taotlemisega.<\/li><li data-type=\"list\">Eramu konstruktiivne ja eriosade p\u00f5hiprojektid.<\/li><li data-type=\"list\">Kivipaketi materjalide koguste v\u00e4ljaarvutamine.<\/li><li data-type=\"list\">Kivipaketi materjalide tarnete planeerimine vastavalt ehitusetappidele.<\/li><li data-type=\"list\">Kivipaketi materjalide tarne ja ladustamine ehitusplatsile.<\/li><li data-type=\"list\">Laepaneelide paigaldushaaratsi kasutamine.<\/li><li data-type=\"list-bold\">Geodeetilised t\u00f6\u00f6d, vundamendi s\u00fcvendi kaeved ja t\u00e4ited.<\/li><li data-type=\"list-bold\">Vundamendi taldmiku ja m\u00fc\u00fcritise ehitus.<\/li><li data-type=\"list-bold\">Hoone perimeetri soojustamine.<\/li><li data-type=\"list-bold\">Kandvate osade paigaldamine majakarbiks.<\/li><li data-type=\"list-bold\">Betoonp\u00f5randate ja treppide rajamine soojustusega.<\/li><\/ul><\/div><\/div><\/div>\n<\/div><\/div>\n","protected":false},"excerpt":{"rendered":"","protected":false},"author":1,"featured_media":0,"parent":0,"menu_order":10,"comment_status":"closed","ping_status":"closed","template":"page-templates\/sidebar.php","meta":{"_acf_changed":false,"advgb_blocks_editor_width":"","advgb_blocks_columns_visual_guide":"","footnotes":""},"class_list":["post-3642","page","type-page","status-publish","hentry"],"acf":[],"rankMath":{"parentDomain":"jamera.ee","noFollowDomains":[],"noFollowExcludeDomains":[],"noFollowExternalLinks":false,"featuredImageNotice":"\u041f\u043e\u043a\u0430\u0437\u0430\u043d\u043d\u043e\u0435 \u0438\u0437\u043e\u0431\u0440\u0430\u0436\u0435\u043d\u0438\u0435 \u0434\u043e\u043b\u0436\u043d\u043e \u0431\u044b\u0442\u044c \u0440\u0430\u0437\u043c\u0435\u0440\u043e\u043c \u043d\u0435 \u043c\u0435\u043d\u0435\u0435 200 \u043d\u0430 200 \u043f\u0438\u043a\u0441\u0435\u043b\u0435\u0439, \u0447\u0442\u043e\u0431\u044b \u0435\u0433\u043e \u043c\u043e\u0433\u043b\u0438 \u0443\u0432\u0438\u0434\u0435\u0442\u044c Facebook \u0438 \u0434\u0440\u0443\u0433\u0438\u0435 \u0441\u0430\u0439\u0442\u044b \u0441\u043e\u0446\u0438\u0430\u043b\u044c\u043d\u044b\u0445 \u0441\u0435\u0442\u0435\u0439.","pluginReviewed":false,"postSettings":{"linkSuggestions":true,"useFocusKeyword":false},"frontEndScore":false,"postName":"%d0%ba%d0%b0%d0%bc%d0%b5%d0%bd%d0%bd%d1%8b%d0%b8-%d0%bf%d0%b0%d0%ba%d0%b5%d1%82-%d1%81-%d1%83%d1%81%d1%82%d0%b0%d0%bd%d0%be%d0%b2%d0%ba%d0%be%d0%b8","permalinkFormat":"https:\/\/jamera.ee\/ru\/%pagename%\/","showLockModifiedDate":true,"assessor":{"focusKeywordLink":"https:\/\/jamera.ee\/wp-admin\/edit.php?focus_keyword=%focus_keyword%&post_type=%post_type%","hasTOCPlugin":false,"primaryTaxonomy":false,"serpData":{"title":"","description":"","focusKeywords":"","pillarContent":false,"canonicalUrl":"","breadcrumbTitle":"","advancedRobots":{"max-snippet":"-1","max-video-preview":"-1","max-image-preview":"large"},"facebookTitle":"","facebookDescription":"","facebookImage":"","facebookImageID":"","facebookHasOverlay":false,"facebookImageOverlay":"","facebookAuthor":"","twitterCardType":"","twitterUseFacebook":true,"twitterTitle":"","twitterDescription":"","twitterImage":"","twitterImageID":"","twitterHasOverlay":false,"twitterImageOverlay":"","twitterPlayerUrl":"","twitterPlayerSize":"","twitterPlayerStream":"","twitterPlayerStreamCtype":"","twitterAppDescription":"","twitterAppIphoneName":"","twitterAppIphoneID":"","twitterAppIphoneUrl":"","twitterAppIpadName":"","twitterAppIpadID":"","twitterAppIpadUrl":"","twitterAppGoogleplayName":"","twitterAppGoogleplayID":"","twitterAppGoogleplayUrl":"","twitterAppCountry":"","robots":{"index":true},"twitterAuthor":"\u0438\u043c\u044f \u043f\u043e\u043b\u044c\u0437\u043e\u0432\u0430\u0442\u0435\u043b\u044f","primaryTerm":0,"authorName":"admin","titleTemplate":"%title% %sep% %sitename%","descriptionTemplate":"%excerpt%","showScoreFrontend":true,"lockModifiedDate":false},"powerWords":[],"diacritics":{"A":"[\\u0410\\u0430]","B":"[\\u0411\\u0431]","V":"[\\u0412\\u0432]","G":"[\\u0413\\u0433]","D":"[\\u0414\\u0434]","YE":"[\\u0415\\u0435]","YO":"[\\u0401\\u0451]","ZH":"[\\u0416\\u0436]","Z":"[\\u0417\\u0437]","EE":"[\\u0418\\u0438]","YI":"[\\u0419\\u0439]","K":"[\\u041A\\u043A]","L":"[\\u041B\\u043B]","M":"[\\u041C\\u043c]","P":"[\\u041F\\u043F]","T":"[\\u0422\\u0442]","U":"[\\u0423\\u0443]","F":"[\\u0424\\u0444]","H":"[\\u0425\\u0445]","TS":"[\\u0426\\u0446]","CH":"[\\u0427\\u0447]","SH":"[\\u0428\\u0448\\u0429\\u0449]","I":"[\\u042B\\u044B]","E":"[\\u042D\\u044D]","YU":"[\\u042E\\u044E]","YA":"[\\u042F\\u044F]","N":"[\\u041D\\u043D]"},"researchesTests":["contentHasTOC","contentHasShortParagraphs","contentHasAssets","keywordInTitle","keywordInMetaDescription","keywordInPermalink","keywordIn10Percent","keywordInContent","keywordInSubheadings","keywordInImageAlt","keywordDensity","keywordNotUsed","lengthContent","lengthPermalink","linksHasInternal","linksHasExternals","linksNotAllExternals","titleStartWithKeyword","titleSentiment","titleHasPowerWords","titleHasNumber","hasContentAI"],"hasRedirection":false,"hasBreadcrumb":false},"homeUrl":"https:\/\/jamera.ee\/ru\/","objectID":3642,"objectType":"post","locale":"ru","localeFull":"ru_RU","overlayImages":{"play":{"name":"Play \u0438\u043a\u043e\u043d\u043a\u0430","url":"https:\/\/jamera.ee\/wp-content\/plugins\/seo-by-rank-math\/assets\/admin\/img\/icon-play.png","path":"\/data01\/virt134820\/domeenid\/www.jamera.ee\/htdocs\/wp-content\/plugins\/seo-by-rank-math\/assets\/admin\/img\/icon-play.png","position":"middle_center"},"gif":{"name":"GIF \u0438\u043a\u043e\u043d\u043a\u0430","url":"https:\/\/jamera.ee\/wp-content\/plugins\/seo-by-rank-math\/assets\/admin\/img\/icon-gif.png","path":"\/data01\/virt134820\/domeenid\/www.jamera.ee\/htdocs\/wp-content\/plugins\/seo-by-rank-math\/assets\/admin\/img\/icon-gif.png","position":"middle_center"}},"defautOgImage":"https:\/\/jamera.ee\/wp-content\/plugins\/seo-by-rank-math\/assets\/admin\/img\/social-placeholder.jpg","customPermalinks":true,"isUserRegistered":false,"autoSuggestKeywords":false,"connectSiteUrl":"https:\/\/rankmath.com\/auth?site=https%3A%2F%2Fjamera.ee%2Fru%2F&r=https%3A%2F%2Fjamera.ee%2Fru%2Fwp-json%2Fwp%2Fv2%2Fpages%2F3642%3Fnonce%3De879f07ef4","maxTags":5,"trendsIcon":"<svg viewBox=\"0 0 610 610\"><path d=\"M18.85,446,174.32,290.48l58.08,58.08L76.93,504a14.54,14.54,0,0,1-20.55,0L18.83,466.48a14.54,14.54,0,0,1,0-20.55Z\" style=\"fill:#4285f4\"\/><path d=\"M242.65,242.66,377.59,377.6l-47.75,47.75a14.54,14.54,0,0,1-20.55,0L174.37,290.43l47.75-47.75A14.52,14.52,0,0,1,242.65,242.66Z\" style=\"fill:#ea4335\"\/><polygon points=\"319.53 319.53 479.26 159.8 537.34 217.88 377.61 377.62 319.53 319.53\" style=\"fill:#fabb05\"\/><path d=\"M594.26,262.73V118.61h0a16.94,16.94,0,0,0-16.94-16.94H433.2a16.94,16.94,0,0,0-12,28.92L565.34,274.71h0a16.94,16.94,0,0,0,28.92-12Z\" style=\"fill:#34a853\"\/><rect width=\"610\" height=\"610\" style=\"fill:none\"\/><\/svg>","showScore":true,"siteFavIcon":"https:\/\/jamera.ee\/wp-content\/uploads\/2025\/01\/cropped-favicon-32x32.png","canUser":{"general":false,"advanced":false,"snippet":false,"social":false,"analysis":false,"analytics":false,"content_ai":false},"showKeywordIntent":true,"isPro":false,"is_front_page":false,"trendsUpgradeLink":"https:\/\/rankmath.com\/pricing\/?utm_source=Plugin&utm_medium=CE%20General%20Tab%20Trends&utm_campaign=WP","trendsUpgradeLabel":"\u0410\u043f\u0433\u0440\u0435\u0439\u0434","trendsPreviewImage":"https:\/\/jamera.ee\/wp-content\/plugins\/seo-by-rank-math\/assets\/admin\/img\/trends-preview.jpg","currentEditor":false,"homepageData":{"assessor":{"powerWords":[],"diacritics":true,"researchesTests":["contentHasTOC","contentHasShortParagraphs","contentHasAssets","keywordInTitle","keywordInMetaDescription","keywordInPermalink","keywordIn10Percent","keywordInContent","keywordInSubheadings","keywordInImageAlt","keywordDensity","keywordNotUsed","lengthContent","lengthPermalink","linksHasInternal","linksHasExternals","linksNotAllExternals","titleStartWithKeyword","titleSentiment","titleHasPowerWords","titleHasNumber","hasContentAI"],"hasBreadcrumb":false,"serpData":{"title":"%sitename% %page% %sep% %sitedesc%","description":"","titleTemplate":"%sitename% %page% %sep% %sitedesc%","descriptionTemplate":"","focusKeywords":"","breadcrumbTitle":"Home","robots":{"index":true},"advancedRobots":{"max-snippet":"-1","max-video-preview":"-1","max-image-preview":"large"},"facebookTitle":"","facebookDescription":"","facebookImage":"","facebookImageID":""}}},"tocTitle":"Table of Contents","tocExcludeHeadings":[],"listStyle":"ul"},"coauthors":[],"author_meta":{"author_link":"https:\/\/jamera.ee\/ru\/author\/admin\/","display_name":"admin"},"relative_dates":{"created":"Posted 2 \u0433\u043e\u0434\u0430 ago","modified":"Updated 1 \u0433\u043e\u0434 ago"},"absolute_dates":{"created":"Posted on 23. \u0421\u0435\u043d 2024","modified":"Updated on 4. \u0424\u0435\u0432 2025"},"absolute_dates_time":{"created":"Posted on 23. \u0421\u0435\u043d 2024 01:52","modified":"Updated on 4. \u0424\u0435\u0432 2025 12:14"},"featured_img_caption":"","featured_img":false,"series_order":"","_links":{"self":[{"href":"https:\/\/jamera.ee\/ru\/wp-json\/wp\/v2\/pages\/3642","targetHints":{"allow":["GET"]}}],"collection":[{"href":"https:\/\/jamera.ee\/ru\/wp-json\/wp\/v2\/pages"}],"about":[{"href":"https:\/\/jamera.ee\/ru\/wp-json\/wp\/v2\/types\/page"}],"author":[{"embeddable":true,"href":"https:\/\/jamera.ee\/ru\/wp-json\/wp\/v2\/users\/1"}],"replies":[{"embeddable":true,"href":"https:\/\/jamera.ee\/ru\/wp-json\/wp\/v2\/comments?post=3642"}],"version-history":[{"count":29,"href":"https:\/\/jamera.ee\/ru\/wp-json\/wp\/v2\/pages\/3642\/revisions"}],"predecessor-version":[{"id":6337,"href":"https:\/\/jamera.ee\/ru\/wp-json\/wp\/v2\/pages\/3642\/revisions\/6337"}],"wp:attachment":[{"href":"https:\/\/jamera.ee\/ru\/wp-json\/wp\/v2\/media?parent=3642"}],"curies":[{"name":"wp","href":"https:\/\/api.w.org\/{rel}","templated":true}]}}