{"id":2766,"date":"2024-01-30T14:56:37","date_gmt":"2024-01-30T14:56:37","guid":{"rendered":"https:\/\/test8.artmedia.ee\/jamera\/noore-pere-hea-kogemus\/"},"modified":"2024-01-30T14:56:37","modified_gmt":"2024-01-30T14:56:37","slug":"noore-pere-hea-kogemus","status":"publish","type":"page","link":"https:\/\/jamera.ee\/ru\/%d1%87%d1%82%d0%be-%d1%82%d0%b0%d0%ba%d0%be%d0%b5-jamera\/jamera-majade-edulood\/noore-pere-hea-kogemus\/","title":{"rendered":"Noore pere hea kogemus"},"content":{"rendered":"\n<div class=\"g-container\"><div class=\"g-container__inner st-md sb-md l-gutenberg\">\n\n<p><strong>Aastaga endale Maarjam\u00e4ele uue kauni kodu ehitanud noor perekond kasutas selleks tehases toodetud poorbetoonist kivimaja detaile ja t\u00fc\u00fcpprojekti, mis tehti 90% ulatuses \u00fcmber, et see vastaks t\u00e4pselt pererahva soovidele ja vajadustele.<\/strong><\/p>\n\n\n\n<p>Varem Pirita-Kosel kortermajas elanud Anton ja Jevgenia alustasid uue elupaiga otsinguid p\u00e4rast esimese lapse s\u00fcndi \u2013 pere suurenedes ei tundunud elu korteris enam kuigi lahe. Hing ihkas rohkem privaatsust ja suuremat ruumi. Eesm\u00e4rgiks seati p\u00e4ris oma maja. Pea kahe aasta v\u00e4ltel j\u00e4lgiti kinnisvaraportaale, et leida valmismaja v\u00f5i krunt. Aja jooksul sai aga noortele selgeks, et ega senisest elupaigast v\u00e4ga palju kaugemale soovitagi siirduda. Peagi naeratas \u00f5nn sealsamas Maarjam\u00e4el m\u00fc\u00fcki tulnud vana poollagunenud majaga elamukrundi n\u00e4ol.<\/p>\n\n\n\n<p><strong>Eelt\u00f6\u00f6 v\u00f5ttis aega<\/strong><\/p>\n\n\n\n<p>Krunt osteti \u00e4ra, vana maja lammutati ja peagi valiti v\u00e4lja ka uue maja projekt \u2013 selleks sai Eestiski populaarne majaprojekt Valss, mis leiti kivimajade kaubam\u00e4rgi&nbsp;J\u00e4mer\u00e4 kataloogist.&nbsp;On p\u00f5nev teada, et originaalprojekti tellijaks ja omanikuks on kuulus Soome mootorrattur Mikko Kallio ja hoone projekteeriti spetsiaalselt 2009. aastal Valkeakoskis toimunud elamumessi jaoks.&nbsp;<\/p>\n\n\n\n<figure class=\"wp-block-image size-full\"><img loading=\"lazy\" decoding=\"async\" width=\"840\" height=\"594\" src=\"https:\/\/jamera.ee\/wp-content\/uploads\/2024\/01\/kartano1282207942.jpg\" alt=\"\" class=\"wp-image-132\"\/><figcaption class=\"wp-element-caption\"><em>On p\u00f5nev teada, et originaalprojekti tellijaks ja omanikuks on kuulus Soome mootorrattur Mikko Kallio ja hoone projekteeriti spetsiaalselt 2009. aastal Valkeakoskis toimunud elamumessi jaoks.&nbsp;<\/em><\/figcaption><\/figure>\n\n\n\n<p>\u00dcle-eelmise aasta veebruaris esitati projekt Tallinna linnavalitsusele ja asuti taotlema uue elumaja ehitusluba. Asjaajamisele kulus enam kui pool aastat: maja tuli sobitada Maarjam\u00e4el juba olemasolevate elumajade vahele nii, et oleksid t\u00e4idetud k\u00f5ik sealsed ehitusn\u00f5uded. Lisaks tuli \u00fcmber teha kanalisatsioonitorustik, teha uus \u00fchisveev\u00e4rgiga liitumine ning \u00fchendada gaasivarustus.&nbsp;<\/p>\n\n\n\n<p>\u201eTuttavad \u00fctlevad n\u00fc\u00fcd tagantj\u00e4rele, et meil on ikka k\u00f5vasti vedanud, sest asjad sujusid \u00fcsna h\u00e4sti. R\u00e4\u00e4gitakse ju, et kui perekond elab \u00fcle oma elamise remondi v\u00f5i uue kodu ehitamise, siis on see pere juba k\u00f5ike n\u00e4inud ja valmis ka edaspidi k\u00f5igist raskustest \u00fcle saama. No meie oleme n\u00fc\u00fcd selle n-\u00f6 tuleproovi l\u00e4bi teinud,\u201d r\u00e4\u00e4gib Jevgenia l\u00f5busal h\u00e4\u00e4lel. \u201eMeil oli \u00fchine arusaam, mida saada soovime. Soovisime klassikalises stiilis maja, aga nii, et see ei oleks mitte v\u00e4ga silmatorkavalt tavap\u00e4rane. Eelistasime mugavust ja funktsionaalsust ning kaasaegseid m\u00f5istlikke automatiseeritud nutilahendusi.\u201d<\/p>\n\n\n\n<p><strong>Energias\u00e4\u00e4st lisasoojustuseta&nbsp;<\/strong><\/p>\n\n\n\n<p>T\u00fc\u00fcpprojekt tehti ju peaaegu 90% ulatuses \u00fcmber, algsest j\u00e4id p\u00f5him\u00f5tteliselt alles vaid seinad: t\u00e4iustati fassaadi, muudeti ruumide paigutust, osad vaheseinad j\u00e4eti ehitamata, et esimesele korrusele moodustuks avar ja suurte akendega valgusk\u00fcllane avatud k\u00f6\u00f6k ja elutuba ning ka k\u00f5ik muu lahendati koost\u00f6\u00f6s arhitektiga nii, nagu endale mugavam tundus.<\/p>\n\n\n\n<figure class=\"wp-block-image size-large\"><img loading=\"lazy\" decoding=\"async\" width=\"1024\" height=\"683\" src=\"https:\/\/jamera.ee\/wp-content\/uploads\/2024\/01\/xof50691031304036-1024x683.jpg\" alt=\"\" class=\"wp-image-108\" srcset=\"https:\/\/jamera.ee\/wp-content\/uploads\/2024\/01\/xof50691031304036-1024x683.jpg 1024w, https:\/\/jamera.ee\/wp-content\/uploads\/2024\/01\/xof50691031304036.jpg 1200w\" sizes=\"auto, (max-width: 1024px) 100vw, 1024px\" \/><figcaption class=\"wp-element-caption\"><em>Tulemuseks on klassikalist soliidset stiili j\u00e4rgiv kahekorruseline elamu, milles pinda kokku 210 m\u00b2, kus projektip\u00f5hised on nii materjalivalik kui ehitustehnoloogia.<\/em><\/figcaption><\/figure>\n\n\n\n<p>\u201eLeidsime, et kui juba algusest l\u00f5puni ise ehitada, siis tuleb teha korraga nii, nagu meil vaja, sest enam-v\u00e4hem sobiliku maja oleksime ju v\u00f5inud ka osta,\u201d selgitab Jevgenia. \u201eNii v\u00f5tsime \u00fche projekti ette ja hakkasime seda muutma ja enda jaoks kohandama.\u201d<\/p>\n\n\n\n<p>Tulemuseks on klassikalist soliidset stiili j\u00e4rgiv kahekorruseline elamu, milles pinda kokku 210 m\u00b2, kus projektip\u00f5hised on nii materjalivalik kui ehitustehnoloogia. Nimelt on maja ehitatud poorbetoonist \u2013 J\u00c4MER\u00c4 &nbsp;plokid, sillused ja laepaneelid on sobilike m\u00f5\u00f5tmetega ja neid on lihtne omavahel sobitada. Nii valmivad ka keerulised s\u00f5lmed k\u00fcllaltki kiiresti. Tulemuseks on kestva massiivse konstruktsiooniga energias\u00e4\u00e4stlik maja, mis ei vaja lisasoojustamist, sest paksud poorbetoonseinad toimivad juba ise soojapidavana.<\/p>\n\n\n\n<p><strong>&nbsp;J\u00e4mer\u00e4st<\/strong><strong>&nbsp;ehitamine sujub kiiresti<\/strong><\/p>\n\n\n\n<p>Ehitusluba saadi k\u00e4tte oktoobrikuu l\u00f5pus, ent vundamendi valamise ja muu ehitustegevuse alustamisega otsustati siiski j\u00e4rgmise kevadeni oodata. Ehitama asuti mullu maikuus ja siis hakkas k\u00f5ik kulgema juba suhteliselt kiiresti.<em>&nbsp;<\/em>\u201eJ\u00e4mer\u00e4 lahendus on p\u00f5him\u00f5tteliselt nagu legoklotsidest maja ehitamine. Kui materjal on juba ehitusplatsil, siis l\u00e4heb ehitamine nendest detailidest juba kiiresti, seda enam, et p\u00fc\u00fcdsime v\u00f5imalikult palju t\u00f6id samaaegselt \u00e4ra teha,\u201d iseloomustab Jevgenia asjade k\u00e4iku. \u201eAugustiks olid m\u00fc\u00fcrid p\u00fcsti ja majakarp katuse all ning sai alustada fassaadi krohvimise ja siset\u00f6\u00f6dega.\u201d<\/p>\n\n\n\n<p>N\u00fc\u00fcd, m\u00f5ned kuud juba vastses majas elanuna, kinnitab Jevgenia, et kodu soojapidavus on v\u00e4ga inertne \u2013 kui maja on sees v\u00e4lis\u00f5hu v\u00f5i k\u00fctmise toimel juba soe, siis p\u00fcsib see ka mitu p\u00e4eva soojana.<\/p>\n\n\n\n<p>\u201eMe oleme l\u00f5pptulemusega v\u00e4gagi rahul \u2013 nii ehitajaga, materjalide valikuga, sisekujundajaga kui \u00fcldse kogu tervikuga,\u201d \u00fctleb ta. \u201eMeile on \u00f6eldud, et meil on lihtsalt vedanud, aga mina vastan seepeale, et ei ole vedanud, vaid me ise oleme just sellise tulemuse nimel teadlikult ja j\u00e4rjepidevalt t\u00f6\u00f6d teinud. Me panustasime ise oma aega v\u00e4ga palju kogu protsessi, olime igap\u00e4evaselt projekteerimise ja ehituse juures. Mina ja minu abikaasa oleme IT-insenerid, tegeleme sisuliselt kogu aeg projektide ja sealjuures ka inimeste juhtimisega, aga n\u00fc\u00fcd oma maja ehitamise k\u00e4igus viisime ennast kurssi ka k\u00f5ikide ehitustehniliste detailidega. Abikaasa sai n\u00e4iteks selgeks CAD-projekteerimise jmt. \u00d5ppida oli sellest protsessist igatahes palju.\u201d<\/p>\n\n\n\n<figure class=\"wp-block-image size-large is-resized\"><img loading=\"lazy\" decoding=\"async\" width=\"1024\" height=\"683\" src=\"https:\/\/jamera.ee\/wp-content\/uploads\/2024\/01\/xof5093234267282-1024x683.jpg\" alt=\"\" class=\"wp-image-112\" style=\"width:1024px;height:auto\" srcset=\"https:\/\/jamera.ee\/wp-content\/uploads\/2024\/01\/xof5093234267282-1024x683.jpg 1024w, https:\/\/jamera.ee\/wp-content\/uploads\/2024\/01\/xof5093234267282.jpg 1200w\" sizes=\"auto, (max-width: 1024px) 100vw, 1024px\" \/><figcaption class=\"wp-element-caption\"><em>Sisekujunduses eelistas noor pere avarust, heledaid toone ja funktsionaalsust. Praktilise poole pealt oli pereemale oluline, et v\u00e4ikesed lapsed kogu aeg n\u00e4gemisulatuses p\u00fcsiksid.<\/em><\/figcaption><\/figure>\n\n\n\n<p><em>&nbsp;<\/em>Foto: Oleg Hart\u0161enko XOfoto O\u00dc<\/p>\n\n\n\n<figure class=\"wp-block-gallery has-nested-images columns-4 is-cropped wp-block-gallery-1 is-layout-flex wp-block-gallery-is-layout-flex\">\n<figure class=\"wp-block-image size-large\"><a href=\"https:\/\/jamera.ee\/wp-content\/uploads\/2024\/01\/xof50841164237934-1024x683.jpg\"><img loading=\"lazy\" decoding=\"async\" width=\"1024\" height=\"683\" src=\"https:\/\/jamera.ee\/wp-content\/uploads\/2024\/01\/xof50841164237934-1024x683.jpg\" alt=\"\" class=\"wp-image-130\" srcset=\"https:\/\/jamera.ee\/wp-content\/uploads\/2024\/01\/xof50841164237934-1024x683.jpg 1024w, https:\/\/jamera.ee\/wp-content\/uploads\/2024\/01\/xof50841164237934.jpg 1200w\" sizes=\"auto, (max-width: 1024px) 100vw, 1024px\" \/><\/a><\/figure>\n\n\n\n<figure class=\"wp-block-image size-large\"><a href=\"https:\/\/jamera.ee\/wp-content\/uploads\/2024\/01\/xof50801726943406-1024x683.jpg\"><img loading=\"lazy\" decoding=\"async\" width=\"1024\" height=\"683\" src=\"https:\/\/jamera.ee\/wp-content\/uploads\/2024\/01\/xof50801726943406-1024x683.jpg\" alt=\"\" class=\"wp-image-128\" srcset=\"https:\/\/jamera.ee\/wp-content\/uploads\/2024\/01\/xof50801726943406-1024x683.jpg 1024w, https:\/\/jamera.ee\/wp-content\/uploads\/2024\/01\/xof50801726943406.jpg 1200w\" sizes=\"auto, (max-width: 1024px) 100vw, 1024px\" \/><\/a><\/figure>\n\n\n\n<figure class=\"wp-block-image size-large\"><a href=\"https:\/\/jamera.ee\/wp-content\/uploads\/2024\/01\/xof5077132833041-1024x683.jpg\"><img loading=\"lazy\" decoding=\"async\" width=\"1024\" height=\"683\" src=\"https:\/\/jamera.ee\/wp-content\/uploads\/2024\/01\/xof5077132833041-1024x683.jpg\" alt=\"\" class=\"wp-image-126\" srcset=\"https:\/\/jamera.ee\/wp-content\/uploads\/2024\/01\/xof5077132833041-1024x683.jpg 1024w, https:\/\/jamera.ee\/wp-content\/uploads\/2024\/01\/xof5077132833041.jpg 1200w\" sizes=\"auto, (max-width: 1024px) 100vw, 1024px\" \/><\/a><\/figure>\n\n\n\n<figure class=\"wp-block-image size-large\"><a href=\"https:\/\/jamera.ee\/wp-content\/uploads\/2024\/01\/xof50761823950157-1024x683.jpg\"><img loading=\"lazy\" decoding=\"async\" width=\"1024\" height=\"683\" src=\"https:\/\/jamera.ee\/wp-content\/uploads\/2024\/01\/xof50761823950157-1024x683.jpg\" alt=\"\" class=\"wp-image-124\" srcset=\"https:\/\/jamera.ee\/wp-content\/uploads\/2024\/01\/xof50761823950157-1024x683.jpg 1024w, https:\/\/jamera.ee\/wp-content\/uploads\/2024\/01\/xof50761823950157.jpg 1200w\" sizes=\"auto, (max-width: 1024px) 100vw, 1024px\" \/><\/a><\/figure>\n\n\n\n<figure class=\"wp-block-image size-large\"><a href=\"https:\/\/jamera.ee\/wp-content\/uploads\/2024\/01\/xof50701894979951-1024x683.jpg\"><img loading=\"lazy\" decoding=\"async\" width=\"1024\" height=\"683\" src=\"https:\/\/jamera.ee\/wp-content\/uploads\/2024\/01\/xof50701894979951-1024x683.jpg\" alt=\"\" class=\"wp-image-122\" srcset=\"https:\/\/jamera.ee\/wp-content\/uploads\/2024\/01\/xof50701894979951-1024x683.jpg 1024w, https:\/\/jamera.ee\/wp-content\/uploads\/2024\/01\/xof50701894979951.jpg 1200w\" sizes=\"auto, (max-width: 1024px) 100vw, 1024px\" \/><\/a><\/figure>\n\n\n\n<figure class=\"wp-block-image size-large\"><a href=\"https:\/\/jamera.ee\/wp-content\/uploads\/2024\/01\/xof50681101092451-1024x683.jpg\"><img loading=\"lazy\" decoding=\"async\" width=\"1024\" height=\"683\" src=\"https:\/\/jamera.ee\/wp-content\/uploads\/2024\/01\/xof50681101092451-1024x683.jpg\" alt=\"\" class=\"wp-image-120\" srcset=\"https:\/\/jamera.ee\/wp-content\/uploads\/2024\/01\/xof50681101092451-1024x683.jpg 1024w, https:\/\/jamera.ee\/wp-content\/uploads\/2024\/01\/xof50681101092451.jpg 1200w\" sizes=\"auto, (max-width: 1024px) 100vw, 1024px\" \/><\/a><\/figure>\n\n\n\n<figure class=\"wp-block-image size-large\"><a href=\"https:\/\/jamera.ee\/wp-content\/uploads\/2024\/01\/xof5066898938078-1024x683.jpg\"><img loading=\"lazy\" decoding=\"async\" width=\"1024\" height=\"683\" src=\"https:\/\/jamera.ee\/wp-content\/uploads\/2024\/01\/xof5066898938078-1024x683.jpg\" alt=\"\" class=\"wp-image-118\" srcset=\"https:\/\/jamera.ee\/wp-content\/uploads\/2024\/01\/xof5066898938078-1024x683.jpg 1024w, https:\/\/jamera.ee\/wp-content\/uploads\/2024\/01\/xof5066898938078.jpg 1200w\" sizes=\"auto, (max-width: 1024px) 100vw, 1024px\" \/><\/a><\/figure>\n\n\n\n<figure class=\"wp-block-image size-large\"><a href=\"https:\/\/jamera.ee\/wp-content\/uploads\/2024\/01\/xof507180407674-1024x683.jpg\"><img loading=\"lazy\" decoding=\"async\" width=\"1024\" height=\"683\" src=\"https:\/\/jamera.ee\/wp-content\/uploads\/2024\/01\/xof507180407674-1024x683.jpg\" alt=\"\" class=\"wp-image-116\" srcset=\"https:\/\/jamera.ee\/wp-content\/uploads\/2024\/01\/xof507180407674-1024x683.jpg 1024w, https:\/\/jamera.ee\/wp-content\/uploads\/2024\/01\/xof507180407674.jpg 1200w\" sizes=\"auto, (max-width: 1024px) 100vw, 1024px\" \/><\/a><\/figure>\n\n\n\n<figure class=\"wp-block-image size-large\"><a href=\"https:\/\/jamera.ee\/wp-content\/uploads\/2024\/01\/xof50961564827494.jpg\"><img loading=\"lazy\" decoding=\"async\" width=\"640\" height=\"960\" src=\"https:\/\/jamera.ee\/wp-content\/uploads\/2024\/01\/xof50961564827494.jpg\" alt=\"\" class=\"wp-image-114\"\/><\/a><\/figure>\n\n\n\n<figure class=\"wp-block-image size-large\"><a href=\"https:\/\/jamera.ee\/wp-content\/uploads\/2024\/01\/xof5093234267282-1024x683.jpg\"><img loading=\"lazy\" decoding=\"async\" width=\"1024\" height=\"683\" src=\"https:\/\/jamera.ee\/wp-content\/uploads\/2024\/01\/xof5093234267282-1024x683.jpg\" alt=\"\" class=\"wp-image-112\" srcset=\"https:\/\/jamera.ee\/wp-content\/uploads\/2024\/01\/xof5093234267282-1024x683.jpg 1024w, https:\/\/jamera.ee\/wp-content\/uploads\/2024\/01\/xof5093234267282.jpg 1200w\" sizes=\"auto, (max-width: 1024px) 100vw, 1024px\" \/><\/a><\/figure>\n\n\n\n<figure class=\"wp-block-image size-large\"><a href=\"https:\/\/jamera.ee\/wp-content\/uploads\/2024\/01\/xof50881499933320-1024x683.jpg\"><img loading=\"lazy\" decoding=\"async\" width=\"1024\" height=\"683\" src=\"https:\/\/jamera.ee\/wp-content\/uploads\/2024\/01\/xof50881499933320-1024x683.jpg\" alt=\"\" class=\"wp-image-110\" srcset=\"https:\/\/jamera.ee\/wp-content\/uploads\/2024\/01\/xof50881499933320-1024x683.jpg 1024w, https:\/\/jamera.ee\/wp-content\/uploads\/2024\/01\/xof50881499933320.jpg 1200w\" sizes=\"auto, (max-width: 1024px) 100vw, 1024px\" \/><\/a><\/figure>\n\n\n\n<figure class=\"wp-block-image size-large\"><a href=\"https:\/\/jamera.ee\/wp-content\/uploads\/2024\/01\/xof50691031304036-1024x683.jpg\"><img loading=\"lazy\" decoding=\"async\" width=\"1024\" height=\"683\" src=\"https:\/\/jamera.ee\/wp-content\/uploads\/2024\/01\/xof50691031304036-1024x683.jpg\" alt=\"\" class=\"wp-image-108\" srcset=\"https:\/\/jamera.ee\/wp-content\/uploads\/2024\/01\/xof50691031304036-1024x683.jpg 1024w, https:\/\/jamera.ee\/wp-content\/uploads\/2024\/01\/xof50691031304036.jpg 1200w\" sizes=\"auto, (max-width: 1024px) 100vw, 1024px\" \/><\/a><\/figure>\n<\/figure>\n\n<\/div><\/div>\n","protected":false},"excerpt":{"rendered":"","protected":false},"author":1,"featured_media":117,"parent":2767,"menu_order":43,"comment_status":"closed","ping_status":"closed","template":"page-templates\/sidebar.php","meta":{"_acf_changed":false,"advgb_blocks_editor_width":"","advgb_blocks_columns_visual_guide":"","footnotes":""},"class_list":["post-2766","page","type-page","status-publish","has-post-thumbnail","hentry"],"acf":[],"rankMath":{"parentDomain":"jamera.ee","noFollowDomains":[],"noFollowExcludeDomains":[],"noFollowExternalLinks":false,"featuredImageNotice":"\u041f\u043e\u043a\u0430\u0437\u0430\u043d\u043d\u043e\u0435 \u0438\u0437\u043e\u0431\u0440\u0430\u0436\u0435\u043d\u0438\u0435 \u0434\u043e\u043b\u0436\u043d\u043e \u0431\u044b\u0442\u044c \u0440\u0430\u0437\u043c\u0435\u0440\u043e\u043c \u043d\u0435 \u043c\u0435\u043d\u0435\u0435 200 \u043d\u0430 200 \u043f\u0438\u043a\u0441\u0435\u043b\u0435\u0439, \u0447\u0442\u043e\u0431\u044b \u0435\u0433\u043e \u043c\u043e\u0433\u043b\u0438 \u0443\u0432\u0438\u0434\u0435\u0442\u044c Facebook \u0438 \u0434\u0440\u0443\u0433\u0438\u0435 \u0441\u0430\u0439\u0442\u044b \u0441\u043e\u0446\u0438\u0430\u043b\u044c\u043d\u044b\u0445 \u0441\u0435\u0442\u0435\u0439.","pluginReviewed":false,"postSettings":{"linkSuggestions":true,"useFocusKeyword":false},"frontEndScore":false,"postName":"noore-pere-hea-kogemus","permalinkFormat":"https:\/\/jamera.ee\/ru\/%pagename%\/","showLockModifiedDate":true,"assessor":{"focusKeywordLink":"https:\/\/jamera.ee\/wp-admin\/edit.php?focus_keyword=%focus_keyword%&post_type=%post_type%","hasTOCPlugin":false,"primaryTaxonomy":false,"serpData":{"title":"","description":"","focusKeywords":"","pillarContent":false,"canonicalUrl":"","breadcrumbTitle":"","advancedRobots":{"max-snippet":"-1","max-video-preview":"-1","max-image-preview":"large"},"facebookTitle":"","facebookDescription":"","facebookImage":"","facebookImageID":"","facebookHasOverlay":false,"facebookImageOverlay":"","facebookAuthor":"","twitterCardType":"","twitterUseFacebook":true,"twitterTitle":"","twitterDescription":"","twitterImage":"","twitterImageID":"","twitterHasOverlay":false,"twitterImageOverlay":"","twitterPlayerUrl":"","twitterPlayerSize":"","twitterPlayerStream":"","twitterPlayerStreamCtype":"","twitterAppDescription":"","twitterAppIphoneName":"","twitterAppIphoneID":"","twitterAppIphoneUrl":"","twitterAppIpadName":"","twitterAppIpadID":"","twitterAppIpadUrl":"","twitterAppGoogleplayName":"","twitterAppGoogleplayID":"","twitterAppGoogleplayUrl":"","twitterAppCountry":"","robots":{"index":true},"twitterAuthor":"\u0438\u043c\u044f \u043f\u043e\u043b\u044c\u0437\u043e\u0432\u0430\u0442\u0435\u043b\u044f","primaryTerm":0,"authorName":"admin","titleTemplate":"%title% %sep% %sitename%","descriptionTemplate":"%excerpt%","showScoreFrontend":true,"lockModifiedDate":false},"powerWords":[],"diacritics":{"A":"[\\u0410\\u0430]","B":"[\\u0411\\u0431]","V":"[\\u0412\\u0432]","G":"[\\u0413\\u0433]","D":"[\\u0414\\u0434]","YE":"[\\u0415\\u0435]","YO":"[\\u0401\\u0451]","ZH":"[\\u0416\\u0436]","Z":"[\\u0417\\u0437]","EE":"[\\u0418\\u0438]","YI":"[\\u0419\\u0439]","K":"[\\u041A\\u043A]","L":"[\\u041B\\u043B]","M":"[\\u041C\\u043c]","P":"[\\u041F\\u043F]","T":"[\\u0422\\u0442]","U":"[\\u0423\\u0443]","F":"[\\u0424\\u0444]","H":"[\\u0425\\u0445]","TS":"[\\u0426\\u0446]","CH":"[\\u0427\\u0447]","SH":"[\\u0428\\u0448\\u0429\\u0449]","I":"[\\u042B\\u044B]","E":"[\\u042D\\u044D]","YU":"[\\u042E\\u044E]","YA":"[\\u042F\\u044F]","N":"[\\u041D\\u043D]"},"researchesTests":["contentHasTOC","contentHasShortParagraphs","contentHasAssets","keywordInTitle","keywordInMetaDescription","keywordInPermalink","keywordIn10Percent","keywordInContent","keywordInSubheadings","keywordInImageAlt","keywordDensity","keywordNotUsed","lengthContent","lengthPermalink","linksHasInternal","linksHasExternals","linksNotAllExternals","titleStartWithKeyword","titleSentiment","titleHasPowerWords","titleHasNumber","hasContentAI"],"hasRedirection":false,"hasBreadcrumb":false},"homeUrl":"https:\/\/jamera.ee\/ru\/","objectID":2766,"objectType":"post","locale":"ru","localeFull":"ru_RU","overlayImages":{"play":{"name":"Play \u0438\u043a\u043e\u043d\u043a\u0430","url":"https:\/\/jamera.ee\/wp-content\/plugins\/seo-by-rank-math\/assets\/admin\/img\/icon-play.png","path":"\/data01\/virt134820\/domeenid\/www.jamera.ee\/htdocs\/wp-content\/plugins\/seo-by-rank-math\/assets\/admin\/img\/icon-play.png","position":"middle_center"},"gif":{"name":"GIF \u0438\u043a\u043e\u043d\u043a\u0430","url":"https:\/\/jamera.ee\/wp-content\/plugins\/seo-by-rank-math\/assets\/admin\/img\/icon-gif.png","path":"\/data01\/virt134820\/domeenid\/www.jamera.ee\/htdocs\/wp-content\/plugins\/seo-by-rank-math\/assets\/admin\/img\/icon-gif.png","position":"middle_center"}},"defautOgImage":"https:\/\/jamera.ee\/wp-content\/plugins\/seo-by-rank-math\/assets\/admin\/img\/social-placeholder.jpg","customPermalinks":true,"isUserRegistered":false,"autoSuggestKeywords":false,"connectSiteUrl":"https:\/\/rankmath.com\/auth?site=https%3A%2F%2Fjamera.ee%2Fru%2F&r=https%3A%2F%2Fjamera.ee%2Fru%2Fwp-json%2Fwp%2Fv2%2Fpages%2F2766%3Fnonce%3Dc18f929591","maxTags":5,"trendsIcon":"<svg viewBox=\"0 0 610 610\"><path d=\"M18.85,446,174.32,290.48l58.08,58.08L76.93,504a14.54,14.54,0,0,1-20.55,0L18.83,466.48a14.54,14.54,0,0,1,0-20.55Z\" style=\"fill:#4285f4\"\/><path d=\"M242.65,242.66,377.59,377.6l-47.75,47.75a14.54,14.54,0,0,1-20.55,0L174.37,290.43l47.75-47.75A14.52,14.52,0,0,1,242.65,242.66Z\" style=\"fill:#ea4335\"\/><polygon points=\"319.53 319.53 479.26 159.8 537.34 217.88 377.61 377.62 319.53 319.53\" style=\"fill:#fabb05\"\/><path d=\"M594.26,262.73V118.61h0a16.94,16.94,0,0,0-16.94-16.94H433.2a16.94,16.94,0,0,0-12,28.92L565.34,274.71h0a16.94,16.94,0,0,0,28.92-12Z\" style=\"fill:#34a853\"\/><rect width=\"610\" height=\"610\" style=\"fill:none\"\/><\/svg>","showScore":true,"siteFavIcon":"https:\/\/jamera.ee\/wp-content\/uploads\/2025\/01\/cropped-favicon-32x32.png","canUser":{"general":false,"advanced":false,"snippet":false,"social":false,"analysis":false,"analytics":false,"content_ai":false},"showKeywordIntent":true,"isPro":false,"is_front_page":false,"trendsUpgradeLink":"https:\/\/rankmath.com\/pricing\/?utm_source=Plugin&utm_medium=CE%20General%20Tab%20Trends&utm_campaign=WP","trendsUpgradeLabel":"\u0410\u043f\u0433\u0440\u0435\u0439\u0434","trendsPreviewImage":"https:\/\/jamera.ee\/wp-content\/plugins\/seo-by-rank-math\/assets\/admin\/img\/trends-preview.jpg","currentEditor":false,"homepageData":{"assessor":{"powerWords":[],"diacritics":true,"researchesTests":["contentHasTOC","contentHasShortParagraphs","contentHasAssets","keywordInTitle","keywordInMetaDescription","keywordInPermalink","keywordIn10Percent","keywordInContent","keywordInSubheadings","keywordInImageAlt","keywordDensity","keywordNotUsed","lengthContent","lengthPermalink","linksHasInternal","linksHasExternals","linksNotAllExternals","titleStartWithKeyword","titleSentiment","titleHasPowerWords","titleHasNumber","hasContentAI"],"hasBreadcrumb":false,"serpData":{"title":"%sitename% %page% %sep% %sitedesc%","description":"","titleTemplate":"%sitename% %page% %sep% %sitedesc%","descriptionTemplate":"","focusKeywords":"","breadcrumbTitle":"Home","robots":{"index":true},"advancedRobots":{"max-snippet":"-1","max-video-preview":"-1","max-image-preview":"large"},"facebookTitle":"","facebookDescription":"","facebookImage":"","facebookImageID":""}}},"tocTitle":"Table of Contents","tocExcludeHeadings":[],"listStyle":"ul"},"coauthors":[],"author_meta":{"author_link":"https:\/\/jamera.ee\/ru\/author\/admin\/","display_name":"admin"},"relative_dates":{"created":"Posted 2 \u0433\u043e\u0434\u0430 ago","modified":"Updated 2 \u0433\u043e\u0434\u0430 ago"},"absolute_dates":{"created":"Posted on 30. \u042f\u043d\u0432 2024","modified":"Updated on 30. \u042f\u043d\u0432 2024"},"absolute_dates_time":{"created":"Posted on 30. \u042f\u043d\u0432 2024 02:56","modified":"Updated on 30. \u042f\u043d\u0432 2024 02:56"},"featured_img_caption":"","featured_img":"https:\/\/jamera.ee\/wp-content\/uploads\/2024\/01\/xof507180407674.jpg","series_order":"","_links":{"self":[{"href":"https:\/\/jamera.ee\/ru\/wp-json\/wp\/v2\/pages\/2766","targetHints":{"allow":["GET"]}}],"collection":[{"href":"https:\/\/jamera.ee\/ru\/wp-json\/wp\/v2\/pages"}],"about":[{"href":"https:\/\/jamera.ee\/ru\/wp-json\/wp\/v2\/types\/page"}],"author":[{"embeddable":true,"href":"https:\/\/jamera.ee\/ru\/wp-json\/wp\/v2\/users\/1"}],"replies":[{"embeddable":true,"href":"https:\/\/jamera.ee\/ru\/wp-json\/wp\/v2\/comments?post=2766"}],"version-history":[{"count":0,"href":"https:\/\/jamera.ee\/ru\/wp-json\/wp\/v2\/pages\/2766\/revisions"}],"up":[{"embeddable":true,"href":"https:\/\/jamera.ee\/ru\/wp-json\/wp\/v2\/pages\/2767"}],"wp:featuredmedia":[{"embeddable":true,"href":"https:\/\/jamera.ee\/ru\/wp-json\/wp\/v2\/media\/117"}],"wp:attachment":[{"href":"https:\/\/jamera.ee\/ru\/wp-json\/wp\/v2\/media?parent=2766"}],"curies":[{"name":"wp","href":"https:\/\/api.w.org\/{rel}","templated":true}]}}