{"id":2765,"date":"2024-01-31T07:47:35","date_gmt":"2024-01-31T07:47:35","guid":{"rendered":"https:\/\/test8.artmedia.ee\/jamera\/stressivabalt-valminud-isikuparane-kodu\/"},"modified":"2024-01-31T07:47:35","modified_gmt":"2024-01-31T07:47:35","slug":"stressivabalt-valminud-isikuparane-kodu","status":"publish","type":"page","link":"https:\/\/jamera.ee\/ru\/%d1%87%d1%82%d0%be-%d1%82%d0%b0%d0%ba%d0%be%d0%b5-jamera\/jamera-majade-edulood\/stressivabalt-valminud-isikuparane-kodu\/","title":{"rendered":"Stressivabalt valminud isikup\u00e4rane kodu"},"content":{"rendered":"\n<div class=\"g-container\"><div class=\"g-container__inner st-md sb-md l-gutenberg\">\n\n<blockquote class=\"wp-block-quote is-layout-flow wp-block-quote-is-layout-flow\">\n<p><em>Tartusse ehitatud energias\u00e4\u00e4stliku koduga on pererahvas igati rahul &nbsp;\u2013 J\u00e4mer\u00e4 avara ja perekeskse hoone projekti sai sisse viia ka muudatusi, et see saaks veelgi isikup\u00e4rasem.<\/em><\/p>\n<\/blockquote>\n\n\n\n<p><strong>&nbsp;<\/strong>\u201eOtsisime ajatut lahendust ja m\u00f5tlesime alguses, et hakkame ise projekteerima,\u201c meenutab omanik Janari M\u00e4ndla kodu saamislugu. \u201eL\u00e4bi internetiotsingute j\u00f5udsime aga Halla projektini ja leidsime, et see lahendus sobib meile.\u201c<\/p>\n\n\n\n<p>Soome arhitekti Anne Fagerholmi loodud kataloogimaja juures veetles koduehitajaid selle skandinaaviap\u00e4rane stiil ning perekesksed lahendused: m\u00f5istlikud majapidamisruumid, standardprojektis ette n\u00e4htud panipaikade ruum, rohkelt avarust ja valgust.<\/p>\n\n\n\n<figure class=\"wp-block-image size-large\"><img loading=\"lazy\" decoding=\"async\" width=\"576\" height=\"1024\" src=\"https:\/\/jamera.ee\/wp-content\/uploads\/2024\/01\/img-b60ca12b2cc353d951de4fda662b102d-v-576x1024.jpg\" alt=\"\" class=\"wp-image-140\" srcset=\"https:\/\/jamera.ee\/wp-content\/uploads\/2024\/01\/img-b60ca12b2cc353d951de4fda662b102d-v-576x1024.jpg 576w, https:\/\/jamera.ee\/wp-content\/uploads\/2024\/01\/img-b60ca12b2cc353d951de4fda662b102d-v.jpg 900w\" sizes=\"auto, (max-width: 576px) 100vw, 576px\" \/><figcaption class=\"wp-element-caption\"><em>\u201eMagamistube tahtsime viia teisele korrusele<s>\u00a0<\/s>ja korruste vahelise trepi paigutust muuta\u201c Foto: StoneEnergy O\u00dc<\/em><\/figcaption><\/figure>\n\n\n\n<p>Et aga igal perel on omad vajadused ja oma ettekujutus ideaalsest kodust, tehti\u00a0171 m\u00b2 suuruse hoone\u00a0projekti ka muudatusi. \u201eSoovisime n\u00e4ha k\u00f6\u00f6gist nii maja ette kui ka taha. Magamistube tahtsime viia teisele korrusele<s>\u00a0<\/s>ja korruste vahelise trepi paigutust muuta\u201c kirjeldab M\u00e4ndla l\u00e4hte\u00fclesannet.<\/p>\n\n\n\n<figure class=\"wp-block-image size-full\"><img loading=\"lazy\" decoding=\"async\" width=\"915\" height=\"514\" src=\"https:\/\/jamera.ee\/wp-content\/uploads\/2024\/01\/img-fc62b674be0c00611995db3103fa190e-v.jpg\" alt=\"\" class=\"wp-image-138\"\/><figcaption class=\"wp-element-caption\"><em>\u201eSoovisime n\u00e4ha k\u00f6\u00f6gist nii maja ette kui ka taha.\u201c Foto: StoneEnergy O\u00dc<\/em><\/figcaption><\/figure>\n\n\n\n<p>Need muudatused said koost\u00f6\u00f6s J\u00e4mer\u00e4 professionaalse disainimeeskonna ja inseneritoega ka sisse viidud. \u00dchtlasi arutati l\u00e4bi ehituslikud detailid: \u201eN\u00e4iteks on Halla standardlahenduses 375 mm J\u00e4mer\u00e4 plokk, ent meie valisime k\u00f5ige paksema ehk 500 mm ploki. Seega vaadati \u00fcle ka kandekonstruktsioon,\u201c meenutab M\u00e4ndla.<\/p>\n\n\n\n<p>Ehitussektor on M\u00e4ndlale tuttav ja eelistused algusest peale selged: soov kasutada v\u00f5imalikult v\u00e4he erinevaid materjale, saavutamaks monoliitset ja \u00fchtlast tulemust, mis pidi saama hermeetiline ja soe. \u201eMa eriti ei n\u00e4inudki turul muid alternatiive, kui poorbetoon,\u201c tunnistab ta.<\/p>\n\n\n\n<figure class=\"wp-block-image size-full\"><img loading=\"lazy\" decoding=\"async\" width=\"915\" height=\"610\" src=\"https:\/\/jamera.ee\/wp-content\/uploads\/2024\/01\/xo-2455.jpg\" alt=\"\" class=\"wp-image-144\"\/><\/figure>\n\n\n\n<p><em>Foto: Oleg Hart\u0161enko XOFoto O\u00dc<\/em><\/p>\n\n\n\n<p><strong>Ehitus sujus<\/strong><\/p>\n\n\n\n<p>Otsides ehitajat, kes oleks ka varem poorbetoonplokist ehitamisega kokku puutunud ning tunneks&nbsp;<em>know-how<\/em>-d, k\u00fcsiti n\u00f5u J\u00e4mer\u00e4lt. \u201eNii leidsimegi Decora Ehituse. Koost\u00f6\u00f6 sujus,\u201c on M\u00e4ndla rahul.<\/p>\n\n\n\n<p>Sarnaseid kiidus\u00f5nu suunab tellija poole tagasi ka Decora Ehitus AS projektijuht M\u00e4rt Paloots.&nbsp;\u201eK\u00f5ik olid oma ala spetsialistid, m\u00f5istsid oma rolle. On hea ehitada, kui t\u00e4pselt teame, mida tuleb teha ning mida tellija soovib. Ja nii h\u00e4id projekte eramajadele just tihti ei kohta.\u201c<\/p>\n\n\n\n<p>T\u00f6\u00f6 sujumisel oli abi oli ka sellest, et ehituse k\u00e4igul hoidis hoolega silma peal J\u00e4mer\u00e4 meeskond, k\u00f5ik v\u00f5imalikud probleemid said insenertehnilise pilguga \u00fcle vaadatud, kontrollitud ja lahendused koosk\u00f5lastatud. \u201eKui m\u00f5ni koht tundus veidi k\u00fcsitav, tulid insenerid appi. Ka materjal tarniti objektile. Meile on oluline ka see, et transport toimiks nagu vaja,\u201c kiidab Paloots. \u201ePisut j\u00e4ime ehitusega talvesse, aga olime ilusti graafikus. Poorbetoon on materjalina mugav \u2013 lihtne paigaldada ja t\u00f6\u00f6delda.\u201c<\/p>\n\n\n\n<p>1\/3 kodu valmimise ajast kulus projekteerimisele ja visualiseerimisele ning plaanide paikapanekule. Koost\u00f6\u00f6s J\u00e4mer\u00e4 inseneridega m\u00f5eldi l\u00e4bi ka eelt\u00f6\u00f6d, sh erit\u00f6\u00f6de projektid, k\u00fcte, vesi, kanalisatsioon, ventilatsioon ja nende teekonna rajamine. 2\/3 ajast ehk aastajagu kulus \u201ev\u00f5tmed k\u00e4tte\u201c lahenduse valmimiseni.<\/p>\n\n\n\n<p><strong>Muutusi ei teeks<\/strong><\/p>\n\n\n\n<p>2016. aastal valminud hoonega on omanikud t\u00e4na igati rahul: \u201eTeisiti ei teeks midagi. Kogu protsess tekitas v\u00e4he stressi v\u00f5rreldes sellega, mis ehitussektoris tavaline on. Ja peale kaht aastat ei olnud sisuliselt vaja ka garantiit\u00f6id teha, eks see oli ka ehitajale kergendus. Monoliitsesse materjali m\u00e4rkimisv\u00e4\u00e4rseid vajumism\u00f5rasid ei tekkinudki, kui v\u00e4lja arvata m\u00f5ned \u00fcksikud siseviimistluse mikropraod.\u201c<\/p>\n\n\n\n<p>\u201eSeal all on nii k\u00f5va vundament, tegime korda vaid v\u00e4iksed iluvead, kus laps oli m\u00e4nguautoga nurga maha s\u00f5itnud. Ehituslikke defekte on t\u00f5esti v\u00e4he, vaid m\u00f5ned silikoonitriibud vahetada. J\u00e4relkulusid oli seega v\u00e4ga v\u00e4he,\u201c n\u00f5ustub Paloots. \u201eT\u00f6\u00f6 kokkuv\u00f5tteks v\u00f5ibki \u00f6elda, et kui ehitaja korraliku projekti j\u00e4rgi ehitab ja tellija on rahul, siis on ka ehitaja tulemusega rahul.\u201c<\/p>\n\n\n\n<p>M\u00e4ndla s\u00f5nutsi v\u00f5ib Halla projekt esialgu tunduda keskmisest kallim lahendus, ent kuna tegelikkuses on k\u00f5ik detailid t\u00e4pselt paigas, ei teki etten\u00e4gematuid kulutusi ja eelarvet ei \u00fcletata. \u201eJ\u00e4mer\u00e4 monoliitsus annab ka uskumatult v\u00e4ikese energiakulu \u2013 maja kubatuur on suur, meil on l\u00e4bi kahe korruse ulatuvad aatriumid ja suured aknapinnad, ent k\u00fcttekulude osas ainult \u00fcllatun positiivselt.\u201c<\/p>\n\n\n\n<blockquote class=\"wp-block-quote is-layout-flow wp-block-quote-is-layout-flow\">\n<p><strong>HEA TEADA:&nbsp;<\/strong><\/p>\n\n\n\n<ul class=\"wp-block-list\">\n<li>J\u00e4mer\u00e4 Halla on klassikalise J\u00c4MER\u00c4 projekti edasiarendus. Halla eelk\u00e4ija Valkokurki ehitati 1999. aastal toimunud elamumessiks, mis toimus Lapperantas.<\/li>\n\n\n\n<li>J\u00e4mer\u00e4 Halla idee on v\u00f5itnud Eesti klientide s\u00fcdamed, praeguseks on Eestisse antud projekti j\u00e4rgi ehitatud kaks maja ja projekteerimisel on veel kaks maja Kakum\u00e4ele ja Viimsisse.<\/li>\n<\/ul>\n<\/blockquote>\n\n\n\n<blockquote class=\"wp-block-quote is-layout-flow wp-block-quote-is-layout-flow\">\n<p><strong>J\u00e4mera Halla Tartu maja projekt muudeti pererahva soovidele vastavamaks:&nbsp;<\/strong><\/p>\n\n\n\n<ul class=\"wp-block-list\">\n<li>esimesel korrusel asuvad k\u00f6\u00f6k ja trepp viidi&nbsp;maja t\u00e4navapoolsele k\u00fcljele, nii saadi avar elu- ja s\u00f6\u00f6gituba.<\/li>\n\n\n\n<li>Endise k\u00f6\u00f6gi asemel maja tagak\u00fcljel on n\u00fc\u00fcd sauna eesruum. Sauna taga on terrass, millele annab privaatsuse hoonele lisatud garaa\u017eiosa.<\/li>\n\n\n\n<li>Teisel korrusel eelistati kabineti asemel suuremat vannituba \u2013 kuna pererahvas eelistab kodus mitte t\u00f6\u00f6tada ja kabinetti selleks ei vaja, sai vannituba avarust tublisti juurde.&nbsp;<\/li>\n<\/ul>\n<\/blockquote>\n\n\n\n<figure class=\"wp-block-image size-full\"><img loading=\"lazy\" decoding=\"async\" width=\"915\" height=\"762\" src=\"https:\/\/jamera.ee\/wp-content\/uploads\/2024\/01\/jamera-valkokurki43412160.jpg\" alt=\"\" class=\"wp-image-142\"\/><figcaption class=\"wp-element-caption\">\u00a0<em>\u00abHalla eelk\u00e4ija Valkokurki ehitati 1999. aastal toimunud elamumessiks, mis toimus Lapperantas.\u00bb Foto: J\u00e4mer\u00e4 Kivitalot OY<\/em><\/figcaption><\/figure>\n\n\n<div class=\"g-buttons l-container flex-justify-start\"><a href=\"https:\/\/www.jamera.ee\/valminud-jamera-majad\/eestis-valminud-majad\/jamera-halla-tartus\/\" target=\"_blank\" class=\"g-buttons__item btn btn--primary\">Tutvu Tartu J\u00e4mer\u00e4 Halla piltide galeriiga<\/a><\/div>\n<\/div><\/div>\n","protected":false},"excerpt":{"rendered":"","protected":false},"author":1,"featured_media":150,"parent":2767,"menu_order":48,"comment_status":"closed","ping_status":"closed","template":"page-templates\/sidebar.php","meta":{"_acf_changed":false,"advgb_blocks_editor_width":"","advgb_blocks_columns_visual_guide":"","footnotes":""},"class_list":["post-2765","page","type-page","status-publish","has-post-thumbnail","hentry"],"acf":[],"rankMath":{"parentDomain":"jamera.ee","noFollowDomains":[],"noFollowExcludeDomains":[],"noFollowExternalLinks":false,"featuredImageNotice":"\u041f\u043e\u043a\u0430\u0437\u0430\u043d\u043d\u043e\u0435 \u0438\u0437\u043e\u0431\u0440\u0430\u0436\u0435\u043d\u0438\u0435 \u0434\u043e\u043b\u0436\u043d\u043e \u0431\u044b\u0442\u044c \u0440\u0430\u0437\u043c\u0435\u0440\u043e\u043c \u043d\u0435 \u043c\u0435\u043d\u0435\u0435 200 \u043d\u0430 200 \u043f\u0438\u043a\u0441\u0435\u043b\u0435\u0439, \u0447\u0442\u043e\u0431\u044b \u0435\u0433\u043e \u043c\u043e\u0433\u043b\u0438 \u0443\u0432\u0438\u0434\u0435\u0442\u044c Facebook \u0438 \u0434\u0440\u0443\u0433\u0438\u0435 \u0441\u0430\u0439\u0442\u044b \u0441\u043e\u0446\u0438\u0430\u043b\u044c\u043d\u044b\u0445 \u0441\u0435\u0442\u0435\u0439.","pluginReviewed":false,"postSettings":{"linkSuggestions":true,"useFocusKeyword":false},"frontEndScore":false,"postName":"stressivabalt-valminud-isikuparane-kodu","permalinkFormat":"https:\/\/jamera.ee\/ru\/%pagename%\/","showLockModifiedDate":true,"assessor":{"focusKeywordLink":"https:\/\/jamera.ee\/wp-admin\/edit.php?focus_keyword=%focus_keyword%&post_type=%post_type%","hasTOCPlugin":false,"primaryTaxonomy":false,"serpData":{"title":"","description":"","focusKeywords":"","pillarContent":false,"canonicalUrl":"","breadcrumbTitle":"","advancedRobots":{"max-snippet":"-1","max-video-preview":"-1","max-image-preview":"large"},"facebookTitle":"","facebookDescription":"","facebookImage":"","facebookImageID":"","facebookHasOverlay":false,"facebookImageOverlay":"","facebookAuthor":"","twitterCardType":"","twitterUseFacebook":true,"twitterTitle":"","twitterDescription":"","twitterImage":"","twitterImageID":"","twitterHasOverlay":false,"twitterImageOverlay":"","twitterPlayerUrl":"","twitterPlayerSize":"","twitterPlayerStream":"","twitterPlayerStreamCtype":"","twitterAppDescription":"","twitterAppIphoneName":"","twitterAppIphoneID":"","twitterAppIphoneUrl":"","twitterAppIpadName":"","twitterAppIpadID":"","twitterAppIpadUrl":"","twitterAppGoogleplayName":"","twitterAppGoogleplayID":"","twitterAppGoogleplayUrl":"","twitterAppCountry":"","robots":{"index":true},"twitterAuthor":"\u0438\u043c\u044f \u043f\u043e\u043b\u044c\u0437\u043e\u0432\u0430\u0442\u0435\u043b\u044f","primaryTerm":0,"authorName":"admin","titleTemplate":"%title% %sep% %sitename%","descriptionTemplate":"%excerpt%","showScoreFrontend":true,"lockModifiedDate":false},"powerWords":[],"diacritics":{"A":"[\\u0410\\u0430]","B":"[\\u0411\\u0431]","V":"[\\u0412\\u0432]","G":"[\\u0413\\u0433]","D":"[\\u0414\\u0434]","YE":"[\\u0415\\u0435]","YO":"[\\u0401\\u0451]","ZH":"[\\u0416\\u0436]","Z":"[\\u0417\\u0437]","EE":"[\\u0418\\u0438]","YI":"[\\u0419\\u0439]","K":"[\\u041A\\u043A]","L":"[\\u041B\\u043B]","M":"[\\u041C\\u043c]","P":"[\\u041F\\u043F]","T":"[\\u0422\\u0442]","U":"[\\u0423\\u0443]","F":"[\\u0424\\u0444]","H":"[\\u0425\\u0445]","TS":"[\\u0426\\u0446]","CH":"[\\u0427\\u0447]","SH":"[\\u0428\\u0448\\u0429\\u0449]","I":"[\\u042B\\u044B]","E":"[\\u042D\\u044D]","YU":"[\\u042E\\u044E]","YA":"[\\u042F\\u044F]","N":"[\\u041D\\u043D]"},"researchesTests":["contentHasTOC","contentHasShortParagraphs","contentHasAssets","keywordInTitle","keywordInMetaDescription","keywordInPermalink","keywordIn10Percent","keywordInContent","keywordInSubheadings","keywordInImageAlt","keywordDensity","keywordNotUsed","lengthContent","lengthPermalink","linksHasInternal","linksHasExternals","linksNotAllExternals","titleStartWithKeyword","titleSentiment","titleHasPowerWords","titleHasNumber","hasContentAI"],"hasRedirection":false,"hasBreadcrumb":false},"homeUrl":"https:\/\/jamera.ee\/ru\/","objectID":2765,"objectType":"post","locale":"ru","localeFull":"ru_RU","overlayImages":{"play":{"name":"Play \u0438\u043a\u043e\u043d\u043a\u0430","url":"https:\/\/jamera.ee\/wp-content\/plugins\/seo-by-rank-math\/assets\/admin\/img\/icon-play.png","path":"\/data01\/virt134820\/domeenid\/www.jamera.ee\/htdocs\/wp-content\/plugins\/seo-by-rank-math\/assets\/admin\/img\/icon-play.png","position":"middle_center"},"gif":{"name":"GIF \u0438\u043a\u043e\u043d\u043a\u0430","url":"https:\/\/jamera.ee\/wp-content\/plugins\/seo-by-rank-math\/assets\/admin\/img\/icon-gif.png","path":"\/data01\/virt134820\/domeenid\/www.jamera.ee\/htdocs\/wp-content\/plugins\/seo-by-rank-math\/assets\/admin\/img\/icon-gif.png","position":"middle_center"}},"defautOgImage":"https:\/\/jamera.ee\/wp-content\/plugins\/seo-by-rank-math\/assets\/admin\/img\/social-placeholder.jpg","customPermalinks":true,"isUserRegistered":false,"autoSuggestKeywords":false,"connectSiteUrl":"https:\/\/rankmath.com\/auth?site=https%3A%2F%2Fjamera.ee%2Fru%2F&r=https%3A%2F%2Fjamera.ee%2Fru%2Fwp-json%2Fwp%2Fv2%2Fpages%2F2765%3Fnonce%3D04e085a31d","maxTags":5,"trendsIcon":"<svg viewBox=\"0 0 610 610\"><path d=\"M18.85,446,174.32,290.48l58.08,58.08L76.93,504a14.54,14.54,0,0,1-20.55,0L18.83,466.48a14.54,14.54,0,0,1,0-20.55Z\" style=\"fill:#4285f4\"\/><path d=\"M242.65,242.66,377.59,377.6l-47.75,47.75a14.54,14.54,0,0,1-20.55,0L174.37,290.43l47.75-47.75A14.52,14.52,0,0,1,242.65,242.66Z\" style=\"fill:#ea4335\"\/><polygon points=\"319.53 319.53 479.26 159.8 537.34 217.88 377.61 377.62 319.53 319.53\" style=\"fill:#fabb05\"\/><path d=\"M594.26,262.73V118.61h0a16.94,16.94,0,0,0-16.94-16.94H433.2a16.94,16.94,0,0,0-12,28.92L565.34,274.71h0a16.94,16.94,0,0,0,28.92-12Z\" style=\"fill:#34a853\"\/><rect width=\"610\" height=\"610\" style=\"fill:none\"\/><\/svg>","showScore":true,"siteFavIcon":"https:\/\/jamera.ee\/wp-content\/uploads\/2025\/01\/cropped-favicon-32x32.png","canUser":{"general":false,"advanced":false,"snippet":false,"social":false,"analysis":false,"analytics":false,"content_ai":false},"showKeywordIntent":true,"isPro":false,"is_front_page":false,"trendsUpgradeLink":"https:\/\/rankmath.com\/pricing\/?utm_source=Plugin&utm_medium=CE%20General%20Tab%20Trends&utm_campaign=WP","trendsUpgradeLabel":"\u0410\u043f\u0433\u0440\u0435\u0439\u0434","trendsPreviewImage":"https:\/\/jamera.ee\/wp-content\/plugins\/seo-by-rank-math\/assets\/admin\/img\/trends-preview.jpg","currentEditor":false,"homepageData":{"assessor":{"powerWords":[],"diacritics":true,"researchesTests":["contentHasTOC","contentHasShortParagraphs","contentHasAssets","keywordInTitle","keywordInMetaDescription","keywordInPermalink","keywordIn10Percent","keywordInContent","keywordInSubheadings","keywordInImageAlt","keywordDensity","keywordNotUsed","lengthContent","lengthPermalink","linksHasInternal","linksHasExternals","linksNotAllExternals","titleStartWithKeyword","titleSentiment","titleHasPowerWords","titleHasNumber","hasContentAI"],"hasBreadcrumb":false,"serpData":{"title":"%sitename% %page% %sep% %sitedesc%","description":"","titleTemplate":"%sitename% %page% %sep% %sitedesc%","descriptionTemplate":"","focusKeywords":"","breadcrumbTitle":"Home","robots":{"index":true},"advancedRobots":{"max-snippet":"-1","max-video-preview":"-1","max-image-preview":"large"},"facebookTitle":"","facebookDescription":"","facebookImage":"","facebookImageID":""}}},"tocTitle":"Table of Contents","tocExcludeHeadings":[],"listStyle":"ul"},"coauthors":[],"author_meta":{"author_link":"https:\/\/jamera.ee\/ru\/author\/admin\/","display_name":"admin"},"relative_dates":{"created":"Posted 2 \u0433\u043e\u0434\u0430 ago","modified":"Updated 2 \u0433\u043e\u0434\u0430 ago"},"absolute_dates":{"created":"Posted on 31. \u042f\u043d\u0432 2024","modified":"Updated on 31. \u042f\u043d\u0432 2024"},"absolute_dates_time":{"created":"Posted on 31. \u042f\u043d\u0432 2024 07:47","modified":"Updated on 31. \u042f\u043d\u0432 2024 07:47"},"featured_img_caption":"","featured_img":"https:\/\/jamera.ee\/wp-content\/uploads\/2024\/01\/xo-2452.jpg","series_order":"","_links":{"self":[{"href":"https:\/\/jamera.ee\/ru\/wp-json\/wp\/v2\/pages\/2765","targetHints":{"allow":["GET"]}}],"collection":[{"href":"https:\/\/jamera.ee\/ru\/wp-json\/wp\/v2\/pages"}],"about":[{"href":"https:\/\/jamera.ee\/ru\/wp-json\/wp\/v2\/types\/page"}],"author":[{"embeddable":true,"href":"https:\/\/jamera.ee\/ru\/wp-json\/wp\/v2\/users\/1"}],"replies":[{"embeddable":true,"href":"https:\/\/jamera.ee\/ru\/wp-json\/wp\/v2\/comments?post=2765"}],"version-history":[{"count":0,"href":"https:\/\/jamera.ee\/ru\/wp-json\/wp\/v2\/pages\/2765\/revisions"}],"up":[{"embeddable":true,"href":"https:\/\/jamera.ee\/ru\/wp-json\/wp\/v2\/pages\/2767"}],"wp:featuredmedia":[{"embeddable":true,"href":"https:\/\/jamera.ee\/ru\/wp-json\/wp\/v2\/media\/150"}],"wp:attachment":[{"href":"https:\/\/jamera.ee\/ru\/wp-json\/wp\/v2\/media?parent=2765"}],"curies":[{"name":"wp","href":"https:\/\/api.w.org\/{rel}","templated":true}]}}